{"id":7858,"date":"2025-07-30T13:03:12","date_gmt":"2025-07-30T17:03:12","guid":{"rendered":"https:\/\/www.fnlmaql.ca\/wp\/?page_id=7858"},"modified":"2026-04-07T09:25:21","modified_gmt":"2026-04-07T13:25:21","slug":"resources-training","status":"publish","type":"page","link":"https:\/\/www.fnlmaql.ca\/wp\/resources-training\/","title":{"rendered":"Training and Development"},"content":{"rendered":"<p>[et_pb_section fb_built=&#8221;1&#8243; fullwidth=&#8221;on&#8221; admin_label=&#8221;Section&#8221; _builder_version=&#8221;4.27.5&#8243; background_enable_color=&#8221;off&#8221; custom_padding=&#8221;||||false|false&#8221; global_module=&#8221;617&#8243; saved_tabs=&#8221;all&#8221; locked=&#8221;off&#8221; global_colors_info=&#8221;{}&#8221;][et_pb_fullwidth_menu menu_id=&#8221;13&#8243; submenu_direction=&#8221;downwards&#8221; fullwidth_menu=&#8221;off&#8221; dropdown_menu_bg_color=&#8221;#228b43&#8243; dropdown_menu_line_color=&#8221;#E09900&#8243; dropdown_menu_text_color=&#8221;#faf8f5&#8243; dropdown_menu_active_link_color=&#8221;#8300E9&#8243; logo_url=&#8221;https:\/\/www.fnlmaql.ca\/wp\/&#8221; logo_alt=&#8221;FNLMAQL Logo &#8221; admin_label=&#8221;Fullwidth Menu&#8221; _builder_version=&#8221;4.27.6&#8243; menu_font=&#8221;Avenir Book|700||on|||||&#8221; background_enable_color=&#8221;off&#8221; module_alignment=&#8221;left&#8221; min_height=&#8221;100px&#8221; height=&#8221;1000px&#8221; max_height=&#8221;100px&#8221; custom_margin=&#8221;20px||-35px|20%|false|false&#8221; custom_padding=&#8221;||10px||false|false&#8221; custom_css_free_form=&#8221;\/*\u2014\u2014\u2014-Overlapping Logo that Shrinks on Scroll\u2014\u2014\u2014-*\/||||#et-info {||float: right;||}||||.et_fixed_nav #top-header {||position: fixed;||z-index: 9998!important;||}||||#logo {||max-height: 100px;||margin-top: -30px;||}||||.et-fixed-header #logo {||max-height: 60px!important;||margin-top: 0px;||}||||@media only screen and (max-width: 980px) {||||#logo {||max-height: 70px;||margin-top: 0px;||}||||#et-info {||float: none;||}||||}&#8221; custom_css_menu_logo=&#8221;margin-top: -50px;||margin-bottom: -100px;||padding-top: 45px;||padding-bottom: 10px;||&#8221; global_colors_info=&#8221;{}&#8221;][\/et_pb_fullwidth_menu][et_pb_fullwidth_image src=&#8221;https:\/\/www.fnlmaql.ca\/wp\/wp-content\/uploads\/2026\/03\/Website-Logo.png&#8221; alt=&#8221;FNLMAQL Logo&#8221; title_text=&#8221;Website-Logo&#8221; admin_label=&#8221;Fullwidth Image&#8221; _builder_version=&#8221;4.27.6&#8243; _module_preset=&#8221;default&#8221; background_enable_color=&#8221;off&#8221; transform_translate=&#8221;9px|-39px&#8221; positioning=&#8221;absolute&#8221; width=&#8221;7%&#8221; max_width=&#8221;100%&#8221; min_height=&#8221;1000px&#8221; height=&#8221;1000px&#8221; max_height=&#8221;1000px&#8221; custom_margin=&#8221;-1%|||20%|false|false&#8221; custom_css_main_element=&#8221;z-index: 10;&#8221; global_colors_info=&#8221;{}&#8221;][\/et_pb_fullwidth_image][\/et_pb_section][et_pb_section fb_built=&#8221;1&#8243; fullwidth=&#8221;on&#8221; _builder_version=&#8221;4.16&#8243; _module_preset=&#8221;default&#8221; animation_style=&#8221;slide&#8221; animation_direction=&#8221;top&#8221; global_colors_info=&#8221;{}&#8221;][et_pb_fullwidth_header title=&#8221;Resources&#8221; subhead=&#8221;Training &#038; Development&#8221; text_orientation=&#8221;center&#8221; header_scroll_down=&#8221;on&#8221; scroll_down_icon=&#8221;%%0%%&#8221; scroll_down_icon_size=&#8221;40px&#8221; _builder_version=&#8221;4.27.6&#8243; _module_preset=&#8221;default&#8221; title_font_size=&#8221;3.2vw&#8221; content_font=&#8221;|300|||||||&#8221; content_font_size=&#8221;24px&#8221; subhead_font=&#8221;|300|||||||&#8221; subhead_font_size=&#8221;1.3vw&#8221; background_enable_color=&#8221;off&#8221; background_image=&#8221;https:\/\/www.fnlmaql.ca\/wp\/wp-content\/uploads\/2026\/03\/20190719-IMG_1287-11-2.jpeg&#8221; parallax=&#8221;on&#8221; custom_padding=&#8221;160px||160px||false|false&#8221; scroll_vertical_motion_enable=&#8221;on&#8221; scroll_vertical_motion=&#8221;0|96|96|100|0|0|-1&#8243; title_font_size_tablet=&#8221;60px&#8221; title_font_size_phone=&#8221;50px&#8221; title_font_size_last_edited=&#8221;on|desktop&#8221; subhead_font_size_tablet=&#8221;22px&#8221; subhead_font_size_phone=&#8221;19.3px&#8221; subhead_font_size_last_edited=&#8221;on|phone&#8221; global_colors_info=&#8221;{}&#8221;][\/et_pb_fullwidth_header][et_pb_fullwidth_menu menu_id=&#8221;91&#8243; menu_style=&#8221;centered&#8221; active_link_color=&#8221;#3D3E3D&#8221; dropdown_menu_bg_color=&#8221;#FAF8F5&#8243; dropdown_menu_line_color=&#8221;#04721C&#8221; dropdown_menu_text_color=&#8221;#3D3E3D&#8221; dropdown_menu_active_link_color=&#8221;#61A33A&#8221; mobile_menu_bg_color=&#8221;#FAF8F5&#8243; mobile_menu_text_color=&#8221;#3D3E3D&#8221; _builder_version=&#8221;4.27.4&#8243; _module_preset=&#8221;default&#8221; menu_font=&#8221;&#8211;et_global_heading_font|500|||||||&#8221; menu_font_size=&#8221;18px&#8221; background_color=&#8221;RGBA(255,255,255,0)&#8221; box_shadow_style=&#8221;preset6&#8243; box_shadow_vertical=&#8221;-2px&#8221; box_shadow_blur=&#8221;7px&#8221; box_shadow_spread=&#8221;-4px&#8221; global_module=&#8221;26043372&#8243; saved_tabs=&#8221;all&#8221; locked=&#8221;off&#8221; global_colors_info=&#8221;{}&#8221;][\/et_pb_fullwidth_menu][\/et_pb_section][et_pb_section fb_built=&#8221;1&#8243; _builder_version=&#8221;4.27.4&#8243; _module_preset=&#8221;default&#8221; global_colors_info=&#8221;{}&#8221;][et_pb_row column_structure=&#8221;1_3,2_3&#8243; _builder_version=&#8221;4.16&#8243; _module_preset=&#8221;default&#8221; locked=&#8221;off&#8221; global_colors_info=&#8221;{}&#8221;][et_pb_column type=&#8221;1_3&#8243; _builder_version=&#8221;4.16&#8243; _module_preset=&#8221;default&#8221; background_color=&#8221;#f3f6f4&#8243; custom_padding=&#8221;||40px||false|false&#8221; border_radii=&#8221;on|10px|10px|10px|10px&#8221; global_colors_info=&#8221;{}&#8221;][et_pb_text _builder_version=&#8221;4.27.5&#8243; _module_preset=&#8221;default&#8221; header_3_font=&#8221;||||||||&#8221; header_3_text_align=&#8221;center&#8221; header_3_text_color=&#8221;#ffffff&#8221; background_color=&#8221;#124a2f&#8221; custom_padding=&#8221;15px||8px||false|false&#8221; border_radii=&#8221;off|10px|10px||&#8221; global_colors_info=&#8221;{}&#8221;]<\/p>\n<h3>Resources<\/h3>\n<p>[\/et_pb_text][et_pb_blurb title=&#8221;What is Lands Management? &#8221; url=&#8221;https:\/\/www.fnlmaql.ca\/wp\/resources-what-is-lands-management\/&#8221; use_icon=&#8221;on&#8221; icon_placement=&#8221;left&#8221; image_icon_width=&#8221;40px&#8221; _builder_version=&#8221;4.27.5&#8243; _module_preset=&#8221;default&#8221; header_level=&#8221;h5&#8243; header_text_color=&#8221;#124a2f&#8221; body_text_align=&#8221;left&#8221; body_font_size=&#8221;13px&#8221; body_line_height=&#8221;1em&#8221; background_color=&#8221;#ffffff&#8221; custom_margin=&#8221;|20px|10px|20px|false|false&#8221; custom_padding=&#8221;10px||10px|20px|false|false&#8221; link_option_url=&#8221;https:\/\/www.fnlmaql.ca\/wp\/resources-what-is-lands-management\/&#8221; custom_css_blurb_title=&#8221;margin-top: 8px&#8221; border_radii=&#8221;on|10px|10px|10px|10px&#8221; image_max_width=&#8221;40px&#8221; locked=&#8221;off&#8221; global_colors_info=&#8221;{}&#8221; custom_css_blurb_image__hover_enabled=&#8221;off|hover&#8221; custom_padding__hover_enabled=&#8221;on|hover&#8221; custom_padding__hover=&#8221;|||30px|false|false&#8221;][\/et_pb_blurb][et_pb_blurb title=&#8221;Training &#038; Development&#8221; url=&#8221;https:\/\/www.fnlmaql.ca\/wp\/resources-training\/&#8221; use_icon=&#8221;on&#8221; icon_placement=&#8221;left&#8221; image_icon_width=&#8221;40px&#8221; _builder_version=&#8221;4.27.5&#8243; _module_preset=&#8221;default&#8221; header_level=&#8221;h5&#8243; header_text_color=&#8221;#124a2f&#8221; body_text_align=&#8221;left&#8221; body_font_size=&#8221;13px&#8221; body_line_height=&#8221;1em&#8221; background_color=&#8221;#ffffff&#8221; custom_margin=&#8221;|20px|10px|20px|false|false&#8221; custom_padding=&#8221;10px||10px|20px|false|false&#8221; link_option_url=&#8221;https:\/\/www.fnlmaql.ca\/wp\/resources-training\/&#8221; custom_css_blurb_title=&#8221;margin-top: 8px&#8221; border_radii=&#8221;on|10px|10px|10px|10px&#8221; image_max_width=&#8221;40px&#8221; locked=&#8221;off&#8221; global_colors_info=&#8221;{}&#8221; custom_css_blurb_image__hover_enabled=&#8221;off|hover&#8221; custom_padding__hover_enabled=&#8221;on|hover&#8221; custom_padding__hover=&#8221;|||30px|false|false&#8221;][\/et_pb_blurb][et_pb_blurb title=&#8221;Additions to Reserve (ATR) &#8221; url=&#8221;https:\/\/www.fnlmaql.ca\/wp\/resources-atr&#8221; use_icon=&#8221;on&#8221; icon_placement=&#8221;left&#8221; image_icon_width=&#8221;40px&#8221; _builder_version=&#8221;4.27.5&#8243; _module_preset=&#8221;default&#8221; header_level=&#8221;h5&#8243; header_text_color=&#8221;#124a2f&#8221; body_text_align=&#8221;left&#8221; body_font_size=&#8221;13px&#8221; body_line_height=&#8221;1em&#8221; background_color=&#8221;#ffffff&#8221; custom_margin=&#8221;|20px|10px|20px|false|false&#8221; custom_padding=&#8221;10px||10px|20px|false|false&#8221; link_option_url=&#8221;https:\/\/www.fnlmaql.ca\/wp\/resources-atr&#8221; custom_css_blurb_title=&#8221;margin-top: 8px&#8221; border_radii=&#8221;on|10px|10px|10px|10px&#8221; image_max_width=&#8221;40px&#8221; locked=&#8221;off&#8221; global_colors_info=&#8221;{}&#8221; custom_css_blurb_image__hover_enabled=&#8221;off|hover&#8221; custom_padding__hover_enabled=&#8221;on|hover&#8221; custom_padding__hover=&#8221;|||30px|false|false&#8221;][\/et_pb_blurb][et_pb_blurb title=&#8221;Estates Management&#8221; url=&#8221;https:\/\/www.fnlmaql.ca\/wp\/resources-estates-management&#8221; use_icon=&#8221;on&#8221; icon_placement=&#8221;left&#8221; image_icon_width=&#8221;40px&#8221; _builder_version=&#8221;4.27.4&#8243; _module_preset=&#8221;default&#8221; header_level=&#8221;h5&#8243; header_text_color=&#8221;#124a2f&#8221; body_text_align=&#8221;left&#8221; body_font_size=&#8221;13px&#8221; body_line_height=&#8221;1em&#8221; background_color=&#8221;#ffffff&#8221; custom_margin=&#8221;|20px|10px|20px|false|false&#8221; custom_padding=&#8221;10px||10px|20px|false|false&#8221; link_option_url=&#8221;https:\/\/www.fnlmaql.ca\/wp\/resources-estates-management&#8221; custom_css_blurb_title=&#8221;margin-top: 8px&#8221; border_radii=&#8221;on|10px|10px|10px|10px&#8221; image_max_width=&#8221;40px&#8221; locked=&#8221;off&#8221; global_colors_info=&#8221;{}&#8221; custom_css_blurb_image__hover_enabled=&#8221;off|hover&#8221; custom_padding__hover_enabled=&#8221;on|hover&#8221; custom_padding__hover=&#8221;|||30px|false|false&#8221;][\/et_pb_blurb][et_pb_blurb title=&#8221;Current Programs&#8221; url=&#8221;https:\/\/www.fnlmaql.ca\/wp\/resources-current-programs&#8221; use_icon=&#8221;on&#8221; icon_placement=&#8221;left&#8221; image_icon_width=&#8221;40px&#8221; _builder_version=&#8221;4.27.4&#8243; _module_preset=&#8221;default&#8221; header_level=&#8221;h5&#8243; header_text_color=&#8221;#124a2f&#8221; body_text_align=&#8221;left&#8221; body_font_size=&#8221;13px&#8221; body_line_height=&#8221;1em&#8221; background_color=&#8221;#ffffff&#8221; custom_margin=&#8221;|20px|10px|20px|false|false&#8221; custom_padding=&#8221;10px||10px|20px|false|false&#8221; link_option_url=&#8221;https:\/\/www.fnlmaql.ca\/wp\/resources-current-programs&#8221; custom_css_blurb_title=&#8221;margin-top: 8px&#8221; border_radii=&#8221;on|10px|10px|10px|10px&#8221; image_max_width=&#8221;40px&#8221; locked=&#8221;off&#8221; global_colors_info=&#8221;{}&#8221; custom_css_blurb_image__hover_enabled=&#8221;off|hover&#8221; custom_padding__hover_enabled=&#8221;on|hover&#8221; custom_padding__hover=&#8221;|||30px|false|false&#8221;][\/et_pb_blurb][et_pb_blurb title=&#8221;Additional Resources&#8221; url=&#8221;https:\/\/www.fnlmaql.ca\/wp\/resources-additional\/&#8221; use_icon=&#8221;on&#8221; icon_placement=&#8221;left&#8221; image_icon_width=&#8221;40px&#8221; _builder_version=&#8221;4.27.4&#8243; _module_preset=&#8221;default&#8221; header_level=&#8221;h5&#8243; header_text_color=&#8221;#124a2f&#8221; body_text_align=&#8221;left&#8221; body_font_size=&#8221;13px&#8221; body_line_height=&#8221;1em&#8221; background_color=&#8221;#ffffff&#8221; custom_margin=&#8221;|20px|10px|20px|false|false&#8221; custom_padding=&#8221;10px||10px|20px|false|false&#8221; link_option_url=&#8221;https:\/\/www.fnlmaql.ca\/wp\/resources-additional\/&#8221; custom_css_blurb_title=&#8221;margin-top: 8px&#8221; border_radii=&#8221;on|10px|10px|10px|10px&#8221; image_max_width=&#8221;40px&#8221; locked=&#8221;off&#8221; global_colors_info=&#8221;{}&#8221; custom_css_blurb_image__hover_enabled=&#8221;off|hover&#8221; custom_padding__hover_enabled=&#8221;on|hover&#8221; custom_padding__hover=&#8221;|||30px|false|false&#8221;][\/et_pb_blurb][\/et_pb_column][et_pb_column type=&#8221;2_3&#8243; _builder_version=&#8221;4.16&#8243; _module_preset=&#8221;default&#8221; global_colors_info=&#8221;{}&#8221;][et_pb_slider show_pagination=&#8221;off&#8221; use_bg_overlay=&#8221;off&#8221; use_text_overlay=&#8221;off&#8221; arrows_custom_color=&#8221;#124a2f&#8221; _builder_version=&#8221;4.27.6&#8243; _module_preset=&#8221;default&#8221; header_font_size=&#8221;30px&#8221; custom_css_slide_arrows=&#8221;background-color: white;||border-radius: 50%;||font-size: 30px;||padding: 12px;&#8221; border_radii=&#8221;on|10px|10px|10px|10px&#8221; global_colors_info=&#8221;{}&#8221;][et_pb_slide use_bg_overlay=&#8221;on&#8221; bg_overlay_color=&#8221;rgba(10,10,10,0.3)&#8221; use_text_overlay=&#8221;off&#8221; _builder_version=&#8221;4.27.6&#8243; _module_preset=&#8221;default&#8221; body_font=&#8221;|300|||||||&#8221; background_color=&#8221;RGBA(255,255,255,0)&#8221; background_enable_color=&#8221;on&#8221; background_image=&#8221;https:\/\/www.fnlmaql.ca\/wp\/wp-content\/uploads\/2026\/03\/IMG_1448.jpg&#8221; background_enable_image=&#8221;on&#8221; background_blend=&#8221;overlay&#8221; custom_padding=&#8221;300px||20px||false|false&#8221; global_colors_info=&#8221;{}&#8221; sticky_transition=&#8221;on&#8221;][\/et_pb_slide][\/et_pb_slider][et_pb_text _builder_version=&#8221;4.27.5&#8243; _module_preset=&#8221;default&#8221; text_font=&#8221;&#8211;et_global_body_font|&#8211;et_global_body_font_weight|||||||&#8221; text_text_color=&#8221;#3D3E3D&#8221; text_font_size=&#8221;17px&#8221; header_text_color=&#8221;#124a2f&#8221; header_3_text_color=&#8221;#124a2f&#8221; global_colors_info=&#8221;{}&#8221;]<\/p>\n<h3>Training &amp; Development<\/h3>\n<p>In line with the Association\u2019s objective to build lands management capacity in communities across Quebec and Labrador, we provide professional development opportunities for Indigenous Lands Managers through specialized training and education.<\/p>\n<p>Our multi-day <strong>technical trainings<\/strong> are typically held in person, while <strong>interactive webinars<\/strong> are offered throughout the year to address emerging issues and specialized topics. All trainings are delivered bilingually, with materials available in English and French, and simultaneous interpretation services provided for all attendees.<\/p>\n<p>Training offerings and topics vary based on members\u2019 needs. Recent sessions include:<\/p>\n<ul>\n<li>Additions to Reserve (ATR)<\/li>\n<li>National ATR Tracking System (NATS)<\/li>\n<li>Estates Management on Reserve<\/li>\n<li>Surveying, GIS &amp; Mapping<\/li>\n<li>Environmental Management<\/li>\n<li>Impact Assessments<\/li>\n<li>Land Use Planning<\/li>\n<li>Project Management<\/li>\n<li>Wellness in the Workplace<\/li>\n<\/ul>\n<p>We send invitations to upcoming trainings by email. To receive updates, <a href=\"https:\/\/forms.office.com\/pages\/responsepage.aspx?id=-R6taaZOrUaC0Rau7TDh7Uyxs_FBModPoMwKH5LaYdtUM0w5RlZZNkg5M1dHNjNMR1ZKSE0wVjdCNS4u&amp;origin=lprLink&amp;route=shorturl\" target=\"_blank\" rel=\"noopener\"><strong>sign up for our newsletter<\/strong><\/a> or email <a href=\"mailto:info@fnlmaql.ca\" target=\"_blank\" rel=\"noopener\"><strong>info@fnlmaql.ca<\/strong><\/a> at any time with topic suggestions or requests.<\/p>\n<p>[\/et_pb_text][et_pb_divider color=&#8221;rgba(18,74,47,0.1)&#8221; divider_style=&#8221;dotted&#8221; divider_weight=&#8221;2px&#8221; _builder_version=&#8221;4.16&#8243; _module_preset=&#8221;default&#8221; min_height=&#8221;19.8px&#8221; custom_padding=&#8221;10px||||false|false&#8221; global_colors_info=&#8221;{}&#8221;][\/et_pb_divider][\/et_pb_column][\/et_pb_row][et_pb_row _builder_version=&#8221;4.27.4&#8243; _module_preset=&#8221;default&#8221; locked=&#8221;off&#8221; global_colors_info=&#8221;{}&#8221;][et_pb_column type=&#8221;4_4&#8243; _builder_version=&#8221;4.27.4&#8243; _module_preset=&#8221;default&#8221; background_color=&#8221;RGBA(255,255,255,0)&#8221; custom_padding=&#8221;||40px||false|false&#8221; border_radii=&#8221;on|10px|10px|10px|10px&#8221; global_colors_info=&#8221;{}&#8221;][et_pb_text _builder_version=&#8221;4.27.5&#8243; _module_preset=&#8221;default&#8221; text_font=&#8221;&#8211;et_global_body_font|&#8211;et_global_body_font_weight|||||||&#8221; text_text_color=&#8221;#3D3E3D&#8221; text_font_size=&#8221;17px&#8221; header_text_color=&#8221;#124a2f&#8221; header_3_text_color=&#8221;#124a2f&#8221; global_colors_info=&#8221;{}&#8221;]<\/p>\n<h3>NALMA&#8217;s Specialized Training &amp; Development<\/h3>\n<p>In addition to our own trainings, FNLMAQL members have priority access to the National Aboriginal Lands Managers Association&#8217;s (NALMA) specialized trainings that take place across Canada. All lands managers working for Indigenous communities are eligible to attend NALMA&#8217;s trainings. Consult the <a href=\"https:\/\/nalma.ca\/events\/\" target=\"_blank\" rel=\"noopener\">Specialized Training Schedule<\/a> to learn about upcoming offerings.<\/p>\n<p>[\/et_pb_text][et_pb_divider color=&#8221;rgba(18,74,47,0.1)&#8221; divider_style=&#8221;dotted&#8221; divider_weight=&#8221;2px&#8221; _builder_version=&#8221;4.16&#8243; _module_preset=&#8221;default&#8221; min_height=&#8221;19.8px&#8221; custom_padding=&#8221;10px||||false|false&#8221; global_colors_info=&#8221;{}&#8221;][\/et_pb_divider][et_pb_text _builder_version=&#8221;4.27.5&#8243; _module_preset=&#8221;default&#8221; text_font=&#8221;&#8211;et_global_body_font|&#8211;et_global_body_font_weight|||||||&#8221; text_text_color=&#8221;#3D3E3D&#8221; text_font_size=&#8221;17px&#8221; header_text_color=&#8221;#124a2f&#8221; header_3_text_color=&#8221;#124a2f&#8221; global_colors_info=&#8221;{}&#8221;]<\/p>\n<h3>Professional Lands Management Certification Program (PLMCP)<\/h3>\n<p>As a Regional Lands Association, FNLMAQL supports NALMA in its goal of training and certifying lands managers in our region.<\/p>\n<p>To implement the Reserve Land and Environment Management Program (RLEMP), NALMA, in collaboration with Indigenous Services Canada (ISC) and subject matter experts, developed the Professional Lands Management Certification Program (PLMCP).<\/p>\n<p>The PLMCP certificate from NALMA is recognized nationally. It certifies that an individual:<\/p>\n<ul>\n<li>has the training, experience, and skills required for lands management,<\/li>\n<li>stays up to date with the latest developments in the field,<\/li>\n<li>and adheres to a code of ethics.<\/li>\n<\/ul>\n<p>Obtaining this certificate is both a remarkable achievement and an important responsibility for lands managers.<\/p>\n<p>First Nations subject to RLEMP may receive additional funding when they hire a certified lands manager. For more information about this program and funding, please visit the <a href=\"https:\/\/www.sac-isc.gc.ca\/eng\/1394718212831\/1611275324373\" target=\"_blank\" rel=\"noopener\">ISC website<\/a>.<\/p>\n<p>FNLMAQL works closely with NALMA to support the development of Level II in French and to assist lands managers in our region on their path to certification.<\/p>\n<p>[\/et_pb_text][et_pb_video src=&#8221;https:\/\/youtu.be\/xVtseleBjt8&#8243; _builder_version=&#8221;4.27.6&#8243; _module_preset=&#8221;default&#8221; hover_enabled=&#8221;0&#8243; sticky_enabled=&#8221;0&#8243;][\/et_pb_video][et_pb_toggle title=&#8221;Level I \u2013 Post-Secondary Training&#8221; _builder_version=&#8221;4.27.5&#8243; _module_preset=&#8221;default&#8221; global_colors_info=&#8221;{}&#8221;]<\/p>\n<p>Level I is a post-secondary program offered through four partner universities. It covers the fundamentals of Indigenous lands management as well as related legal and environmental concepts.<\/p>\n<p>The PLMCP Level I can also be completed in French at the Universit\u00e9 du Qu\u00e9bec en Abitibi-T\u00e9miscamingue (UQAT). For more information on the <em>Microprogramme de 1er cycle en gestion territoriale en contexte autochtone<\/em>, visit the <a href=\"https:\/\/www.uqat.ca\/etudes\/etudes-autochtones\/microprogramme-1er-cycle-en-gestion-territoriale-en-contexte-autochtone\/\" target=\"_blank\" rel=\"noopener\">UQAT website<\/a>.<\/p>\n<p>For more details on universities offering PLMCP Level I in English, visit the <a href=\"https:\/\/nalma.ca\/plmc-program\/\" target=\"_blank\" rel=\"noopener\">NALMA website<\/a>.<\/p>\n<p>[\/et_pb_toggle][et_pb_toggle title=&#8221;Level II \u2013 Technical Training&#8221; _builder_version=&#8221;4.27.5&#8243; _module_preset=&#8221;default&#8221; global_colors_info=&#8221;{}&#8221;]<\/p>\n<p>Level II is the technical component of the program, delivered directly by NALMA. It helps participants better understand the land, related issues, and their practical application to ensure effective and efficient lands management.<\/p>\n<p>NALMA gives priority to applicants working for a First Nation under the RLEMP regime.<\/p>\n<p>The PLMCP Level II will soon be available in English AND French!<\/p>\n<p>Lands managers who successfully complete Level I (Post-Secondary Training) and Level II (Technical Training) receive NALMA\u2019s Professional Lands Management Certification.<\/p>\n<p>For more information about PLMCP, consult the <a href=\"https:\/\/nalma.ca\/wp-content\/uploads\/2026\/01\/PDU-PLMCP-Brochure-FINAL.pdf\" target=\"_blank\" rel=\"noopener\">program brochure <\/a>or contact <a href=\"mailto:training@fnlmaql.ca\" target=\"_blank\" rel=\"noopener\">training@fnlmaql.ca<\/a>\u00a0to request details or express interest.<\/p>\n<p>[\/et_pb_toggle][\/et_pb_column][\/et_pb_row][\/et_pb_section][et_pb_section fb_built=&#8221;1&#8243; _builder_version=&#8221;4.16&#8243; _module_preset=&#8221;default&#8221; background_color=&#8221;#f3f6f4&#8243; custom_padding=&#8221;0px||0px|||&#8221; locked=&#8221;off&#8221; global_colors_info=&#8221;{}&#8221;][et_pb_row _builder_version=&#8221;4.16&#8243; _module_preset=&#8221;default&#8221; custom_padding=&#8221;50px||0px|||&#8221; global_colors_info=&#8221;{}&#8221;][et_pb_column type=&#8221;4_4&#8243; _builder_version=&#8221;4.16&#8243; _module_preset=&#8221;default&#8221; global_colors_info=&#8221;{}&#8221;][et_pb_social_media_follow use_icon_font_size=&#8221;on&#8221; icon_font_size=&#8221;26px&#8221; _builder_version=&#8221;4.27.5&#8243; _module_preset=&#8221;default&#8221; background_color=&#8221;RGBA(255,255,255,0)&#8221; text_orientation=&#8221;center&#8221; width=&#8221;100%&#8221; height=&#8221;100px&#8221; max_height=&#8221;100px&#8221; global_colors_info=&#8221;{}&#8221;][et_pb_social_media_follow_network social_network=&#8221;facebook&#8221; url=&#8221;https:\/\/www.facebook.com\/FNLMAQL\/&#8221; _builder_version=&#8221;4.27.4&#8243; _module_preset=&#8221;default&#8221; background_color=&#8221;#3b5998&#8243; global_colors_info=&#8221;{}&#8221; follow_button=&#8221;off&#8221; url_new_window=&#8221;on&#8221;]facebook[\/et_pb_social_media_follow_network][et_pb_social_media_follow_network social_network=&#8221;linkedin&#8221; url=&#8221;https:\/\/ca.linkedin.com\/company\/fnlmaql&#8221; _builder_version=&#8221;4.27.4&#8243; _module_preset=&#8221;default&#8221; background_color=&#8221;#007bb6&#8243; global_colors_info=&#8221;{}&#8221; follow_button=&#8221;off&#8221; url_new_window=&#8221;on&#8221;]linkedin[\/et_pb_social_media_follow_network][et_pb_social_media_follow_network social_network=&#8221;youtube&#8221; url=&#8221;https:\/\/www.youtube.com\/@FNLMAQL&#8221; _builder_version=&#8221;4.27.4&#8243; _module_preset=&#8221;default&#8221; background_color=&#8221;#a82400&#8243; global_colors_info=&#8221;{}&#8221; follow_button=&#8221;off&#8221; url_new_window=&#8221;on&#8221;]youtube[\/et_pb_social_media_follow_network][\/et_pb_social_media_follow][dipi_lottie_icon json_file=&#8221;https:\/\/www.fnlmaql.ca\/wp\/wp-content\/uploads\/2025\/06\/FNLMAQL_logo.svg&#8221; _builder_version=&#8221;4.27.4&#8243; _module_preset=&#8221;default&#8221; global_colors_info=&#8221;{}&#8221;][\/dipi_lottie_icon][\/et_pb_column][\/et_pb_row][\/et_pb_section][et_pb_section fb_built=&#8221;1&#8243; _builder_version=&#8221;4.27.6&#8243; _module_preset=&#8221;default&#8221; background_image=&#8221;https:\/\/www.fnlmaql.ca\/wp\/wp-content\/uploads\/2026\/03\/AdobeStock_295085469-scaled.jpg&#8221; custom_padding=&#8221;120px||120px|||&#8221; locked=&#8221;off&#8221; global_colors_info=&#8221;{}&#8221;][et_pb_row _builder_version=&#8221;4.16&#8243; _module_preset=&#8221;default&#8221; global_colors_info=&#8221;{}&#8221;][et_pb_column type=&#8221;4_4&#8243; _builder_version=&#8221;4.16&#8243; _module_preset=&#8221;default&#8221; global_colors_info=&#8221;{}&#8221;][\/et_pb_column][\/et_pb_row][\/et_pb_section]<\/p>\n","protected":false},"excerpt":{"rendered":"<p>ResourcesTraining &amp; Development In line with the Association\u2019s objective to build lands management capacity in communities across Quebec and Labrador, we provide professional development opportunities for Indigenous Lands Managers through specialized training and education. Our multi-day technical trainings are typically held in person, while interactive webinars are offered throughout the year to address emerging issues [&hellip;]<\/p>\n","protected":false},"author":9,"featured_media":0,"parent":0,"menu_order":0,"comment_status":"closed","ping_status":"closed","template":"","meta":{"_et_pb_use_builder":"on","_et_pb_old_content":"","_et_gb_content_width":"","footnotes":""},"dipi_cpt_category":[],"class_list":["post-7858","page","type-page","status-publish","hentry"],"_links":{"self":[{"href":"https:\/\/www.fnlmaql.ca\/wp\/wp-json\/wp\/v2\/pages\/7858","targetHints":{"allow":["GET"]}}],"collection":[{"href":"https:\/\/www.fnlmaql.ca\/wp\/wp-json\/wp\/v2\/pages"}],"about":[{"href":"https:\/\/www.fnlmaql.ca\/wp\/wp-json\/wp\/v2\/types\/page"}],"author":[{"embeddable":true,"href":"https:\/\/www.fnlmaql.ca\/wp\/wp-json\/wp\/v2\/users\/9"}],"replies":[{"embeddable":true,"href":"https:\/\/www.fnlmaql.ca\/wp\/wp-json\/wp\/v2\/comments?post=7858"}],"version-history":[{"count":29,"href":"https:\/\/www.fnlmaql.ca\/wp\/wp-json\/wp\/v2\/pages\/7858\/revisions"}],"predecessor-version":[{"id":27398477,"href":"https:\/\/www.fnlmaql.ca\/wp\/wp-json\/wp\/v2\/pages\/7858\/revisions\/27398477"}],"wp:attachment":[{"href":"https:\/\/www.fnlmaql.ca\/wp\/wp-json\/wp\/v2\/media?parent=7858"}],"wp:term":[{"taxonomy":"dipi_cpt_category","embeddable":true,"href":"https:\/\/www.fnlmaql.ca\/wp\/wp-json\/wp\/v2\/dipi_cpt_category?post=7858"}],"curies":[{"name":"wp","href":"https:\/\/api.w.org\/{rel}","templated":true}]}}